{"id":177,"date":"2020-02-18T07:37:39","date_gmt":"2020-02-18T07:37:39","guid":{"rendered":"http:\/\/halfmadrid.com\/?page_id=177"},"modified":"2024-03-25T13:08:18","modified_gmt":"2024-03-25T13:08:18","slug":"contacto","status":"publish","type":"page","link":"https:\/\/halfmadrid.com\/index.php\/contacto\/","title":{"rendered":"Contacto"},"content":{"rendered":"<p>Si deseas ponerte en contacto con nosotros o necesitas cualquier tipo de informaci\u00f3n, escr\u00edbenos un correo a <a href=\"mailto:info@laetus.es\">info@laetus.es<\/a><\/p>\n<h2>Sobre Laetus Sport<\/h2>\n<p><a href=\"http:\/\/www.laetus.es\" target=\"_blank\" rel=\"noopener noreferrer\">Laetus Sport<\/a> nace en 1991 con el objetivo de ocupar un espacio en el mercado de <strong>la organizaci\u00f3n de eventos deportivos<\/strong>, aprovechando la experiencia y relaci\u00f3n de sus fundadores en el \u00e1mbito deportivo a lo largo de <strong>m\u00e1s de 30 a\u00f1os<\/strong>.<\/p>\n","protected":false},"excerpt":{"rendered":"<p>Si deseas ponerte en contacto con nosotros o necesitas cualquier tipo de informaci\u00f3n, escr\u00edbenos un correo a info@laetus.es Sobre Laetus Sport Laetus Sport nace en 1991 con el objetivo de ocupar un espacio en el mercado de la organizaci\u00f3n de eventos deportivos, aprovechando la experiencia y relaci\u00f3n de sus fundadores en el \u00e1mbito deportivo a [&hellip;]<\/p>\n","protected":false},"author":3,"featured_media":0,"parent":0,"menu_order":0,"comment_status":"closed","ping_status":"closed","template":"","meta":[],"yoast_head":"<!-- This site is optimized with the Yoast SEO plugin v18.3 - https:\/\/yoast.com\/wordpress\/plugins\/seo\/ -->\n<title>Contacto - Halfmadrid<\/title>\n<meta name=\"robots\" content=\"index, follow, max-snippet:-1, max-image-preview:large, max-video-preview:-1\" \/>\n<link rel=\"canonical\" href=\"https:\/\/halfmadrid.com\/index.php\/contacto\/\" \/>\n<meta property=\"og:locale\" content=\"es_ES\" \/>\n<meta property=\"og:type\" content=\"article\" \/>\n<meta property=\"og:title\" content=\"Contacto - Halfmadrid\" \/>\n<meta property=\"og:description\" content=\"Si deseas ponerte en contacto con nosotros o necesitas cualquier tipo de informaci\u00f3n, escr\u00edbenos un correo a info@laetus.es Sobre Laetus Sport Laetus Sport nace en 1991 con el objetivo de ocupar un espacio en el mercado de la organizaci\u00f3n de eventos deportivos, aprovechando la experiencia y relaci\u00f3n de sus fundadores en el \u00e1mbito deportivo a [&hellip;]\" \/>\n<meta property=\"og:url\" content=\"https:\/\/halfmadrid.com\/index.php\/contacto\/\" \/>\n<meta property=\"og:site_name\" content=\"Halfmadrid\" \/>\n<meta property=\"article:modified_time\" content=\"2024-03-25T13:08:18+00:00\" \/>\n<meta name=\"twitter:card\" content=\"summary_large_image\" \/>\n<meta name=\"twitter:label1\" content=\"Tiempo de lectura\" \/>\n\t<meta name=\"twitter:data1\" content=\"1 minuto\" \/>\n<script type=\"application\/ld+json\" class=\"yoast-schema-graph\">{\"@context\":\"https:\/\/schema.org\",\"@graph\":[{\"@type\":\"WebSite\",\"@id\":\"https:\/\/halfmadrid.com\/#website\",\"url\":\"https:\/\/halfmadrid.com\/\",\"name\":\"Halfmadrid\",\"description\":\"Triatl\u00f3n 31 de mayo\",\"potentialAction\":[{\"@type\":\"SearchAction\",\"target\":{\"@type\":\"EntryPoint\",\"urlTemplate\":\"https:\/\/halfmadrid.com\/?s={search_term_string}\"},\"query-input\":\"required name=search_term_string\"}],\"inLanguage\":\"es\"},{\"@type\":\"WebPage\",\"@id\":\"https:\/\/halfmadrid.com\/index.php\/contacto\/#webpage\",\"url\":\"https:\/\/halfmadrid.com\/index.php\/contacto\/\",\"name\":\"Contacto - Halfmadrid\",\"isPartOf\":{\"@id\":\"https:\/\/halfmadrid.com\/#website\"},\"datePublished\":\"2020-02-18T07:37:39+00:00\",\"dateModified\":\"2024-03-25T13:08:18+00:00\",\"breadcrumb\":{\"@id\":\"https:\/\/halfmadrid.com\/index.php\/contacto\/#breadcrumb\"},\"inLanguage\":\"es\",\"potentialAction\":[{\"@type\":\"ReadAction\",\"target\":[\"https:\/\/halfmadrid.com\/index.php\/contacto\/\"]}]},{\"@type\":\"BreadcrumbList\",\"@id\":\"https:\/\/halfmadrid.com\/index.php\/contacto\/#breadcrumb\",\"itemListElement\":[{\"@type\":\"ListItem\",\"position\":1,\"name\":\"Portada\",\"item\":\"https:\/\/halfmadrid.com\/\"},{\"@type\":\"ListItem\",\"position\":2,\"name\":\"Contacto\"}]}]}<\/script>\n<!-- \/ Yoast SEO plugin. -->","yoast_head_json":{"title":"Contacto - Halfmadrid","robots":{"index":"index","follow":"follow","max-snippet":"max-snippet:-1","max-image-preview":"max-image-preview:large","max-video-preview":"max-video-preview:-1"},"canonical":"https:\/\/halfmadrid.com\/index.php\/contacto\/","og_locale":"es_ES","og_type":"article","og_title":"Contacto - Halfmadrid","og_description":"Si deseas ponerte en contacto con nosotros o necesitas cualquier tipo de informaci\u00f3n, escr\u00edbenos un correo a info@laetus.es Sobre Laetus Sport Laetus Sport nace en 1991 con el objetivo de ocupar un espacio en el mercado de la organizaci\u00f3n de eventos deportivos, aprovechando la experiencia y relaci\u00f3n de sus fundadores en el \u00e1mbito deportivo a [&hellip;]","og_url":"https:\/\/halfmadrid.com\/index.php\/contacto\/","og_site_name":"Halfmadrid","article_modified_time":"2024-03-25T13:08:18+00:00","twitter_card":"summary_large_image","twitter_misc":{"Tiempo de lectura":"1 minuto"},"schema":{"@context":"https:\/\/schema.org","@graph":[{"@type":"WebSite","@id":"https:\/\/halfmadrid.com\/#website","url":"https:\/\/halfmadrid.com\/","name":"Halfmadrid","description":"Triatl\u00f3n 31 de mayo","potentialAction":[{"@type":"SearchAction","target":{"@type":"EntryPoint","urlTemplate":"https:\/\/halfmadrid.com\/?s={search_term_string}"},"query-input":"required name=search_term_string"}],"inLanguage":"es"},{"@type":"WebPage","@id":"https:\/\/halfmadrid.com\/index.php\/contacto\/#webpage","url":"https:\/\/halfmadrid.com\/index.php\/contacto\/","name":"Contacto - Halfmadrid","isPartOf":{"@id":"https:\/\/halfmadrid.com\/#website"},"datePublished":"2020-02-18T07:37:39+00:00","dateModified":"2024-03-25T13:08:18+00:00","breadcrumb":{"@id":"https:\/\/halfmadrid.com\/index.php\/contacto\/#breadcrumb"},"inLanguage":"es","potentialAction":[{"@type":"ReadAction","target":["https:\/\/halfmadrid.com\/index.php\/contacto\/"]}]},{"@type":"BreadcrumbList","@id":"https:\/\/halfmadrid.com\/index.php\/contacto\/#breadcrumb","itemListElement":[{"@type":"ListItem","position":1,"name":"Portada","item":"https:\/\/halfmadrid.com\/"},{"@type":"ListItem","position":2,"name":"Contacto"}]}]}},"acf":[],"_links":{"self":[{"href":"https:\/\/halfmadrid.com\/index.php\/wp-json\/wp\/v2\/pages\/177"}],"collection":[{"href":"https:\/\/halfmadrid.com\/index.php\/wp-json\/wp\/v2\/pages"}],"about":[{"href":"https:\/\/halfmadrid.com\/index.php\/wp-json\/wp\/v2\/types\/page"}],"author":[{"embeddable":true,"href":"https:\/\/halfmadrid.com\/index.php\/wp-json\/wp\/v2\/users\/3"}],"replies":[{"embeddable":true,"href":"https:\/\/halfmadrid.com\/index.php\/wp-json\/wp\/v2\/comments?post=177"}],"version-history":[{"count":3,"href":"https:\/\/halfmadrid.com\/index.php\/wp-json\/wp\/v2\/pages\/177\/revisions"}],"predecessor-version":[{"id":750,"href":"https:\/\/halfmadrid.com\/index.php\/wp-json\/wp\/v2\/pages\/177\/revisions\/750"}],"wp:attachment":[{"href":"https:\/\/halfmadrid.com\/index.php\/wp-json\/wp\/v2\/media?parent=177"}],"curies":[{"name":"wp","href":"https:\/\/api.w.org\/{rel}","templated":true}]}}