{"id":107,"date":"2020-02-17T18:05:15","date_gmt":"2020-02-17T18:05:15","guid":{"rendered":"http:\/\/halfmadrid.com\/?page_id=107"},"modified":"2020-02-17T21:40:40","modified_gmt":"2020-02-17T21:40:40","slug":"politica-de-cookies-y-privacidad","status":"publish","type":"page","link":"https:\/\/halfmadrid.com\/index.php\/politica-de-cookies-y-privacidad\/","title":{"rendered":"Pol\u00edtica de cookies y privacidad"},"content":{"rendered":"<p>De conformidad con la Ley Org\u00e1nica 15\/1999 de Protecci\u00f3n de Datos Personales y a trav\u00e9s de la cumplimentaci\u00f3n del formulario de Inscripci\u00f3n, Vd. presta su consentimiento para el tratamiento de sus datos personales facilitados, que ser\u00e1n incorporados a un fichero automatizado, titularidad de LAETUS S.L., cuya finalidad es la gesti\u00f3n de l@s participantes, y el env\u00edo de informaci\u00f3n relevante sobre nuestras pruebas y servicios. Igualmente le informamos que podr\u00e1 ejercer los derechos de acceso, rectificaci\u00f3n, cancelaci\u00f3n y oposici\u00f3n establecidos en dicha Ley a trav\u00e9s de carta certificada a la direcci\u00f3n de su domicilio fiscal, v\u00eda e-mail a <a href=\"mailto:datos@laetus.es\">datos@laetus.es<\/a>.<\/p>\n","protected":false},"excerpt":{"rendered":"<p>De conformidad con la Ley Org\u00e1nica 15\/1999 de Protecci\u00f3n de Datos Personales y a trav\u00e9s de la cumplimentaci\u00f3n del formulario de Inscripci\u00f3n, Vd. presta su consentimiento para el tratamiento de sus datos personales facilitados, que ser\u00e1n incorporados a un fichero automatizado, titularidad de LAETUS S.L., cuya finalidad es la gesti\u00f3n de l@s participantes, y el [&hellip;]<\/p>\n","protected":false},"author":2,"featured_media":0,"parent":0,"menu_order":0,"comment_status":"closed","ping_status":"closed","template":"","meta":[],"yoast_head":"<!-- This site is optimized with the Yoast SEO plugin v18.3 - https:\/\/yoast.com\/wordpress\/plugins\/seo\/ -->\n<title>Pol\u00edtica de cookies y privacidad - Halfmadrid<\/title>\n<meta name=\"robots\" content=\"index, follow, max-snippet:-1, max-image-preview:large, max-video-preview:-1\" \/>\n<link rel=\"canonical\" href=\"https:\/\/halfmadrid.com\/index.php\/politica-de-cookies-y-privacidad\/\" \/>\n<meta property=\"og:locale\" content=\"es_ES\" \/>\n<meta property=\"og:type\" content=\"article\" \/>\n<meta property=\"og:title\" content=\"Pol\u00edtica de cookies y privacidad - Halfmadrid\" \/>\n<meta property=\"og:description\" content=\"De conformidad con la Ley Org\u00e1nica 15\/1999 de Protecci\u00f3n de Datos Personales y a trav\u00e9s de la cumplimentaci\u00f3n del formulario de Inscripci\u00f3n, Vd. presta su consentimiento para el tratamiento de sus datos personales facilitados, que ser\u00e1n incorporados a un fichero automatizado, titularidad de LAETUS S.L., cuya finalidad es la gesti\u00f3n de l@s participantes, y el [&hellip;]\" \/>\n<meta property=\"og:url\" content=\"https:\/\/halfmadrid.com\/index.php\/politica-de-cookies-y-privacidad\/\" \/>\n<meta property=\"og:site_name\" content=\"Halfmadrid\" \/>\n<meta property=\"article:modified_time\" content=\"2020-02-17T21:40:40+00:00\" \/>\n<meta name=\"twitter:card\" content=\"summary_large_image\" \/>\n<meta name=\"twitter:label1\" content=\"Tiempo de lectura\" \/>\n\t<meta name=\"twitter:data1\" content=\"1 minuto\" \/>\n<script type=\"application\/ld+json\" class=\"yoast-schema-graph\">{\"@context\":\"https:\/\/schema.org\",\"@graph\":[{\"@type\":\"WebSite\",\"@id\":\"https:\/\/halfmadrid.com\/#website\",\"url\":\"https:\/\/halfmadrid.com\/\",\"name\":\"Halfmadrid\",\"description\":\"Triatl\u00f3n 31 de mayo\",\"potentialAction\":[{\"@type\":\"SearchAction\",\"target\":{\"@type\":\"EntryPoint\",\"urlTemplate\":\"https:\/\/halfmadrid.com\/?s={search_term_string}\"},\"query-input\":\"required name=search_term_string\"}],\"inLanguage\":\"es\"},{\"@type\":\"WebPage\",\"@id\":\"https:\/\/halfmadrid.com\/index.php\/politica-de-cookies-y-privacidad\/#webpage\",\"url\":\"https:\/\/halfmadrid.com\/index.php\/politica-de-cookies-y-privacidad\/\",\"name\":\"Pol\u00edtica de cookies y privacidad - Halfmadrid\",\"isPartOf\":{\"@id\":\"https:\/\/halfmadrid.com\/#website\"},\"datePublished\":\"2020-02-17T18:05:15+00:00\",\"dateModified\":\"2020-02-17T21:40:40+00:00\",\"breadcrumb\":{\"@id\":\"https:\/\/halfmadrid.com\/index.php\/politica-de-cookies-y-privacidad\/#breadcrumb\"},\"inLanguage\":\"es\",\"potentialAction\":[{\"@type\":\"ReadAction\",\"target\":[\"https:\/\/halfmadrid.com\/index.php\/politica-de-cookies-y-privacidad\/\"]}]},{\"@type\":\"BreadcrumbList\",\"@id\":\"https:\/\/halfmadrid.com\/index.php\/politica-de-cookies-y-privacidad\/#breadcrumb\",\"itemListElement\":[{\"@type\":\"ListItem\",\"position\":1,\"name\":\"Portada\",\"item\":\"https:\/\/halfmadrid.com\/\"},{\"@type\":\"ListItem\",\"position\":2,\"name\":\"Pol\u00edtica de cookies y privacidad\"}]}]}<\/script>\n<!-- \/ Yoast SEO plugin. -->","yoast_head_json":{"title":"Pol\u00edtica de cookies y privacidad - Halfmadrid","robots":{"index":"index","follow":"follow","max-snippet":"max-snippet:-1","max-image-preview":"max-image-preview:large","max-video-preview":"max-video-preview:-1"},"canonical":"https:\/\/halfmadrid.com\/index.php\/politica-de-cookies-y-privacidad\/","og_locale":"es_ES","og_type":"article","og_title":"Pol\u00edtica de cookies y privacidad - Halfmadrid","og_description":"De conformidad con la Ley Org\u00e1nica 15\/1999 de Protecci\u00f3n de Datos Personales y a trav\u00e9s de la cumplimentaci\u00f3n del formulario de Inscripci\u00f3n, Vd. presta su consentimiento para el tratamiento de sus datos personales facilitados, que ser\u00e1n incorporados a un fichero automatizado, titularidad de LAETUS S.L., cuya finalidad es la gesti\u00f3n de l@s participantes, y el [&hellip;]","og_url":"https:\/\/halfmadrid.com\/index.php\/politica-de-cookies-y-privacidad\/","og_site_name":"Halfmadrid","article_modified_time":"2020-02-17T21:40:40+00:00","twitter_card":"summary_large_image","twitter_misc":{"Tiempo de lectura":"1 minuto"},"schema":{"@context":"https:\/\/schema.org","@graph":[{"@type":"WebSite","@id":"https:\/\/halfmadrid.com\/#website","url":"https:\/\/halfmadrid.com\/","name":"Halfmadrid","description":"Triatl\u00f3n 31 de mayo","potentialAction":[{"@type":"SearchAction","target":{"@type":"EntryPoint","urlTemplate":"https:\/\/halfmadrid.com\/?s={search_term_string}"},"query-input":"required name=search_term_string"}],"inLanguage":"es"},{"@type":"WebPage","@id":"https:\/\/halfmadrid.com\/index.php\/politica-de-cookies-y-privacidad\/#webpage","url":"https:\/\/halfmadrid.com\/index.php\/politica-de-cookies-y-privacidad\/","name":"Pol\u00edtica de cookies y privacidad - Halfmadrid","isPartOf":{"@id":"https:\/\/halfmadrid.com\/#website"},"datePublished":"2020-02-17T18:05:15+00:00","dateModified":"2020-02-17T21:40:40+00:00","breadcrumb":{"@id":"https:\/\/halfmadrid.com\/index.php\/politica-de-cookies-y-privacidad\/#breadcrumb"},"inLanguage":"es","potentialAction":[{"@type":"ReadAction","target":["https:\/\/halfmadrid.com\/index.php\/politica-de-cookies-y-privacidad\/"]}]},{"@type":"BreadcrumbList","@id":"https:\/\/halfmadrid.com\/index.php\/politica-de-cookies-y-privacidad\/#breadcrumb","itemListElement":[{"@type":"ListItem","position":1,"name":"Portada","item":"https:\/\/halfmadrid.com\/"},{"@type":"ListItem","position":2,"name":"Pol\u00edtica de cookies y privacidad"}]}]}},"acf":[],"_links":{"self":[{"href":"https:\/\/halfmadrid.com\/index.php\/wp-json\/wp\/v2\/pages\/107"}],"collection":[{"href":"https:\/\/halfmadrid.com\/index.php\/wp-json\/wp\/v2\/pages"}],"about":[{"href":"https:\/\/halfmadrid.com\/index.php\/wp-json\/wp\/v2\/types\/page"}],"author":[{"embeddable":true,"href":"https:\/\/halfmadrid.com\/index.php\/wp-json\/wp\/v2\/users\/2"}],"replies":[{"embeddable":true,"href":"https:\/\/halfmadrid.com\/index.php\/wp-json\/wp\/v2\/comments?post=107"}],"version-history":[{"count":2,"href":"https:\/\/halfmadrid.com\/index.php\/wp-json\/wp\/v2\/pages\/107\/revisions"}],"predecessor-version":[{"id":135,"href":"https:\/\/halfmadrid.com\/index.php\/wp-json\/wp\/v2\/pages\/107\/revisions\/135"}],"wp:attachment":[{"href":"https:\/\/halfmadrid.com\/index.php\/wp-json\/wp\/v2\/media?parent=107"}],"curies":[{"name":"wp","href":"https:\/\/api.w.org\/{rel}","templated":true}]}}